{"id":2723,"date":"2021-08-21T10:13:09","date_gmt":"2021-08-21T10:13:09","guid":{"rendered":"https:\/\/cnc.stilldev2.work\/capabilities\/"},"modified":"2022-05-16T21:43:57","modified_gmt":"2022-05-16T21:43:57","slug":"capabilities","status":"publish","type":"page","link":"https:\/\/cncmachining.hu\/hu\/capabilities\/","title":{"rendered":"K\u00e9pess\u00e9geink"},"content":{"rendered":"","protected":false},"excerpt":{"rendered":"","protected":false},"author":1,"featured_media":0,"parent":0,"menu_order":0,"comment_status":"closed","ping_status":"closed","template":"","meta":{"inline_featured_image":false,"footnotes":""},"class_list":["post-2723","page","type-page","status-publish","hentry"],"yoast_head":"<!-- This site is optimized with the Yoast SEO plugin v20.1 - https:\/\/yoast.com\/wordpress\/plugins\/seo\/ -->\n<title>K\u00e9pess\u00e9geink - CNC - Rapid-forg\u00e1csol\u00e1s-ISO Min\u0151s\u00edtett - Tier2 besz\u00e1ll\u00edt\u00f3<\/title>\n<meta name=\"description\" content=\"Szimult\u00e1n 5 tengelyes megmunk\u00e1l\u00e1s, CNC mar\u00e1s, \u00e9s rapid Prototipus k\u00e9sz\u00edt\u00e9s, ak\u00e1r fel\u00fcletkezel\u00e9ssel. Megb\u00edzhat\u00f3s\u00e1g \u00e9s pontos alkatr\u00e9szgy\u00e1rt\u00e1s.\" \/>\n<meta name=\"robots\" content=\"index, follow, max-snippet:-1, max-image-preview:large, max-video-preview:-1\" \/>\n<link rel=\"canonical\" href=\"https:\/\/cncmachining.hu\/hu\/capabilities\/\" \/>\n<meta property=\"og:locale\" content=\"hu_HU\" \/>\n<meta property=\"og:type\" content=\"article\" \/>\n<meta property=\"og:title\" content=\"K\u00e9pess\u00e9geink - CNC - Rapid-forg\u00e1csol\u00e1s-ISO Min\u0151s\u00edtett - Tier2 besz\u00e1ll\u00edt\u00f3\" \/>\n<meta property=\"og:description\" content=\"Szimult\u00e1n 5 tengelyes megmunk\u00e1l\u00e1s, CNC mar\u00e1s, \u00e9s rapid Prototipus k\u00e9sz\u00edt\u00e9s, ak\u00e1r fel\u00fcletkezel\u00e9ssel. Megb\u00edzhat\u00f3s\u00e1g \u00e9s pontos alkatr\u00e9szgy\u00e1rt\u00e1s.\" \/>\n<meta property=\"og:url\" content=\"https:\/\/cncmachining.hu\/hu\/capabilities\/\" \/>\n<meta property=\"og:site_name\" content=\"CNC\" \/>\n<meta property=\"article:modified_time\" content=\"2022-05-16T21:43:57+00:00\" \/>\n<meta name=\"twitter:card\" content=\"summary_large_image\" \/>\n<script type=\"application\/ld+json\" class=\"yoast-schema-graph\">{\"@context\":\"https:\/\/schema.org\",\"@graph\":[{\"@type\":\"WebPage\",\"@id\":\"https:\/\/cncmachining.hu\/hu\/capabilities\/\",\"url\":\"https:\/\/cncmachining.hu\/hu\/capabilities\/\",\"name\":\"K\u00e9pess\u00e9geink - CNC - Rapid-forg\u00e1csol\u00e1s-ISO Min\u0151s\u00edtett - Tier2 besz\u00e1ll\u00edt\u00f3\",\"isPartOf\":{\"@id\":\"https:\/\/cncmachining.hu\/hu\/#website\"},\"datePublished\":\"2021-08-21T10:13:09+00:00\",\"dateModified\":\"2022-05-16T21:43:57+00:00\",\"description\":\"Szimult\u00e1n 5 tengelyes megmunk\u00e1l\u00e1s, CNC mar\u00e1s, \u00e9s rapid Prototipus k\u00e9sz\u00edt\u00e9s, ak\u00e1r fel\u00fcletkezel\u00e9ssel. Megb\u00edzhat\u00f3s\u00e1g \u00e9s pontos alkatr\u00e9szgy\u00e1rt\u00e1s.\",\"breadcrumb\":{\"@id\":\"https:\/\/cncmachining.hu\/hu\/capabilities\/#breadcrumb\"},\"inLanguage\":\"hu\",\"potentialAction\":[{\"@type\":\"ReadAction\",\"target\":[\"https:\/\/cncmachining.hu\/hu\/capabilities\/\"]}]},{\"@type\":\"BreadcrumbList\",\"@id\":\"https:\/\/cncmachining.hu\/hu\/capabilities\/#breadcrumb\",\"itemListElement\":[{\"@type\":\"ListItem\",\"position\":1,\"name\":\"Home\",\"item\":\"https:\/\/cncmachining.hu\/hu\/\"},{\"@type\":\"ListItem\",\"position\":2,\"name\":\"K\u00e9pess\u00e9geink\"}]},{\"@type\":\"WebSite\",\"@id\":\"https:\/\/cncmachining.hu\/hu\/#website\",\"url\":\"https:\/\/cncmachining.hu\/hu\/\",\"name\":\"CNC\",\"description\":\"Egy \u00fajabb WordPress honlap\",\"publisher\":{\"@id\":\"https:\/\/cncmachining.hu\/hu\/#organization\"},\"potentialAction\":[{\"@type\":\"SearchAction\",\"target\":{\"@type\":\"EntryPoint\",\"urlTemplate\":\"https:\/\/cncmachining.hu\/hu\/?s={search_term_string}\"},\"query-input\":\"required name=search_term_string\"}],\"inLanguage\":\"hu\"},{\"@type\":\"Organization\",\"@id\":\"https:\/\/cncmachining.hu\/hu\/#organization\",\"name\":\"CNC\",\"url\":\"https:\/\/cncmachining.hu\/hu\/\",\"logo\":{\"@type\":\"ImageObject\",\"inLanguage\":\"hu\",\"@id\":\"https:\/\/cncmachining.hu\/hu\/#\/schema\/logo\/image\/\",\"url\":\"https:\/\/cncmachining.hu\/wp-content\/uploads\/2022\/05\/MC_logo_FIN_black-1.svg\",\"contentUrl\":\"https:\/\/cncmachining.hu\/wp-content\/uploads\/2022\/05\/MC_logo_FIN_black-1.svg\",\"caption\":\"CNC\"},\"image\":{\"@id\":\"https:\/\/cncmachining.hu\/hu\/#\/schema\/logo\/image\/\"}}]}<\/script>\n<!-- \/ Yoast SEO plugin. -->","yoast_head_json":{"title":"K\u00e9pess\u00e9geink - CNC - Rapid-forg\u00e1csol\u00e1s-ISO Min\u0151s\u00edtett - Tier2 besz\u00e1ll\u00edt\u00f3","description":"Szimult\u00e1n 5 tengelyes megmunk\u00e1l\u00e1s, CNC mar\u00e1s, \u00e9s rapid Prototipus k\u00e9sz\u00edt\u00e9s, ak\u00e1r fel\u00fcletkezel\u00e9ssel. Megb\u00edzhat\u00f3s\u00e1g \u00e9s pontos alkatr\u00e9szgy\u00e1rt\u00e1s.","robots":{"index":"index","follow":"follow","max-snippet":"max-snippet:-1","max-image-preview":"max-image-preview:large","max-video-preview":"max-video-preview:-1"},"canonical":"https:\/\/cncmachining.hu\/hu\/capabilities\/","og_locale":"hu_HU","og_type":"article","og_title":"K\u00e9pess\u00e9geink - CNC - Rapid-forg\u00e1csol\u00e1s-ISO Min\u0151s\u00edtett - Tier2 besz\u00e1ll\u00edt\u00f3","og_description":"Szimult\u00e1n 5 tengelyes megmunk\u00e1l\u00e1s, CNC mar\u00e1s, \u00e9s rapid Prototipus k\u00e9sz\u00edt\u00e9s, ak\u00e1r fel\u00fcletkezel\u00e9ssel. Megb\u00edzhat\u00f3s\u00e1g \u00e9s pontos alkatr\u00e9szgy\u00e1rt\u00e1s.","og_url":"https:\/\/cncmachining.hu\/hu\/capabilities\/","og_site_name":"CNC","article_modified_time":"2022-05-16T21:43:57+00:00","twitter_card":"summary_large_image","schema":{"@context":"https:\/\/schema.org","@graph":[{"@type":"WebPage","@id":"https:\/\/cncmachining.hu\/hu\/capabilities\/","url":"https:\/\/cncmachining.hu\/hu\/capabilities\/","name":"K\u00e9pess\u00e9geink - CNC - Rapid-forg\u00e1csol\u00e1s-ISO Min\u0151s\u00edtett - Tier2 besz\u00e1ll\u00edt\u00f3","isPartOf":{"@id":"https:\/\/cncmachining.hu\/hu\/#website"},"datePublished":"2021-08-21T10:13:09+00:00","dateModified":"2022-05-16T21:43:57+00:00","description":"Szimult\u00e1n 5 tengelyes megmunk\u00e1l\u00e1s, CNC mar\u00e1s, \u00e9s rapid Prototipus k\u00e9sz\u00edt\u00e9s, ak\u00e1r fel\u00fcletkezel\u00e9ssel. Megb\u00edzhat\u00f3s\u00e1g \u00e9s pontos alkatr\u00e9szgy\u00e1rt\u00e1s.","breadcrumb":{"@id":"https:\/\/cncmachining.hu\/hu\/capabilities\/#breadcrumb"},"inLanguage":"hu","potentialAction":[{"@type":"ReadAction","target":["https:\/\/cncmachining.hu\/hu\/capabilities\/"]}]},{"@type":"BreadcrumbList","@id":"https:\/\/cncmachining.hu\/hu\/capabilities\/#breadcrumb","itemListElement":[{"@type":"ListItem","position":1,"name":"Home","item":"https:\/\/cncmachining.hu\/hu\/"},{"@type":"ListItem","position":2,"name":"K\u00e9pess\u00e9geink"}]},{"@type":"WebSite","@id":"https:\/\/cncmachining.hu\/hu\/#website","url":"https:\/\/cncmachining.hu\/hu\/","name":"CNC","description":"Egy \u00fajabb WordPress honlap","publisher":{"@id":"https:\/\/cncmachining.hu\/hu\/#organization"},"potentialAction":[{"@type":"SearchAction","target":{"@type":"EntryPoint","urlTemplate":"https:\/\/cncmachining.hu\/hu\/?s={search_term_string}"},"query-input":"required name=search_term_string"}],"inLanguage":"hu"},{"@type":"Organization","@id":"https:\/\/cncmachining.hu\/hu\/#organization","name":"CNC","url":"https:\/\/cncmachining.hu\/hu\/","logo":{"@type":"ImageObject","inLanguage":"hu","@id":"https:\/\/cncmachining.hu\/hu\/#\/schema\/logo\/image\/","url":"https:\/\/cncmachining.hu\/wp-content\/uploads\/2022\/05\/MC_logo_FIN_black-1.svg","contentUrl":"https:\/\/cncmachining.hu\/wp-content\/uploads\/2022\/05\/MC_logo_FIN_black-1.svg","caption":"CNC"},"image":{"@id":"https:\/\/cncmachining.hu\/hu\/#\/schema\/logo\/image\/"}}]}},"_links":{"self":[{"href":"https:\/\/cncmachining.hu\/hu\/wp-json\/wp\/v2\/pages\/2723","targetHints":{"allow":["GET"]}}],"collection":[{"href":"https:\/\/cncmachining.hu\/hu\/wp-json\/wp\/v2\/pages"}],"about":[{"href":"https:\/\/cncmachining.hu\/hu\/wp-json\/wp\/v2\/types\/page"}],"author":[{"embeddable":true,"href":"https:\/\/cncmachining.hu\/hu\/wp-json\/wp\/v2\/users\/1"}],"replies":[{"embeddable":true,"href":"https:\/\/cncmachining.hu\/hu\/wp-json\/wp\/v2\/comments?post=2723"}],"version-history":[{"count":3,"href":"https:\/\/cncmachining.hu\/hu\/wp-json\/wp\/v2\/pages\/2723\/revisions"}],"predecessor-version":[{"id":2862,"href":"https:\/\/cncmachining.hu\/hu\/wp-json\/wp\/v2\/pages\/2723\/revisions\/2862"}],"wp:attachment":[{"href":"https:\/\/cncmachining.hu\/hu\/wp-json\/wp\/v2\/media?parent=2723"}],"curies":[{"name":"wp","href":"https:\/\/api.w.org\/{rel}","templated":true}]}}