{"id":2727,"date":"2021-08-16T11:47:50","date_gmt":"2021-08-16T11:47:50","guid":{"rendered":"https:\/\/cnc.stilldev2.work\/services\/"},"modified":"2022-05-17T13:41:43","modified_gmt":"2022-05-17T13:41:43","slug":"services","status":"publish","type":"page","link":"https:\/\/cncmachining.hu\/hu\/services\/","title":{"rendered":"Szolg\u00e1ltat\u00e1sok"},"content":{"rendered":"","protected":false},"excerpt":{"rendered":"","protected":false},"author":1,"featured_media":0,"parent":0,"menu_order":0,"comment_status":"closed","ping_status":"closed","template":"","meta":{"inline_featured_image":false,"footnotes":""},"class_list":["post-2727","page","type-page","status-publish","hentry"],"yoast_head":"<!-- This site is optimized with the Yoast SEO plugin v20.1 - https:\/\/yoast.com\/wordpress\/plugins\/seo\/ -->\n<title>Szolg\u00e1ltat\u00e1sok - CNC Nagy pontoss\u00e1g\u00fa mar\u00e1s - Eszterg\u00e1l\u00e1s<\/title>\n<meta name=\"description\" content=\"Protot\u00edpus CNC megmunk\u00e1l\u00e1s CNC szersz\u00e1mgy\u00e1rt\u00e1s, kis sz\u00e9ri\u00e1s, precizi\u00f3s \u00e9s orvostechnol\u00f3giai alkatr\u00e9sz alkatr\u00e9szgy\u00e1rt\u00e1s,ISO 9001 tan\u00fas\u00edtv\u00e1ny\u00fa\" \/>\n<meta name=\"robots\" content=\"index, follow, max-snippet:-1, max-image-preview:large, max-video-preview:-1\" \/>\n<link rel=\"canonical\" href=\"https:\/\/cncmachining.hu\/hu\/services\/\" \/>\n<meta property=\"og:locale\" content=\"hu_HU\" \/>\n<meta property=\"og:type\" content=\"article\" \/>\n<meta property=\"og:title\" content=\"Szolg\u00e1ltat\u00e1sok - CNC Nagy pontoss\u00e1g\u00fa mar\u00e1s - Eszterg\u00e1l\u00e1s\" \/>\n<meta property=\"og:description\" content=\"Protot\u00edpus CNC megmunk\u00e1l\u00e1s CNC szersz\u00e1mgy\u00e1rt\u00e1s, kis sz\u00e9ri\u00e1s, precizi\u00f3s \u00e9s orvostechnol\u00f3giai alkatr\u00e9sz alkatr\u00e9szgy\u00e1rt\u00e1s,ISO 9001 tan\u00fas\u00edtv\u00e1ny\u00fa\" \/>\n<meta property=\"og:url\" content=\"https:\/\/cncmachining.hu\/hu\/services\/\" \/>\n<meta property=\"og:site_name\" content=\"CNC\" \/>\n<meta property=\"article:modified_time\" content=\"2022-05-17T13:41:43+00:00\" \/>\n<meta name=\"twitter:card\" content=\"summary_large_image\" \/>\n<script type=\"application\/ld+json\" class=\"yoast-schema-graph\">{\"@context\":\"https:\/\/schema.org\",\"@graph\":[{\"@type\":\"WebPage\",\"@id\":\"https:\/\/cncmachining.hu\/hu\/services\/\",\"url\":\"https:\/\/cncmachining.hu\/hu\/services\/\",\"name\":\"Szolg\u00e1ltat\u00e1sok - CNC Nagy pontoss\u00e1g\u00fa mar\u00e1s - Eszterg\u00e1l\u00e1s\",\"isPartOf\":{\"@id\":\"https:\/\/cncmachining.hu\/hu\/#website\"},\"datePublished\":\"2021-08-16T11:47:50+00:00\",\"dateModified\":\"2022-05-17T13:41:43+00:00\",\"description\":\"Protot\u00edpus CNC megmunk\u00e1l\u00e1s CNC szersz\u00e1mgy\u00e1rt\u00e1s, kis sz\u00e9ri\u00e1s, precizi\u00f3s \u00e9s orvostechnol\u00f3giai alkatr\u00e9sz alkatr\u00e9szgy\u00e1rt\u00e1s,ISO 9001 tan\u00fas\u00edtv\u00e1ny\u00fa\",\"breadcrumb\":{\"@id\":\"https:\/\/cncmachining.hu\/hu\/services\/#breadcrumb\"},\"inLanguage\":\"hu\",\"potentialAction\":[{\"@type\":\"ReadAction\",\"target\":[\"https:\/\/cncmachining.hu\/hu\/services\/\"]}]},{\"@type\":\"BreadcrumbList\",\"@id\":\"https:\/\/cncmachining.hu\/hu\/services\/#breadcrumb\",\"itemListElement\":[{\"@type\":\"ListItem\",\"position\":1,\"name\":\"Home\",\"item\":\"https:\/\/cncmachining.hu\/hu\/\"},{\"@type\":\"ListItem\",\"position\":2,\"name\":\"Szolg\u00e1ltat\u00e1sok\"}]},{\"@type\":\"WebSite\",\"@id\":\"https:\/\/cncmachining.hu\/hu\/#website\",\"url\":\"https:\/\/cncmachining.hu\/hu\/\",\"name\":\"CNC\",\"description\":\"Egy \u00fajabb WordPress honlap\",\"publisher\":{\"@id\":\"https:\/\/cncmachining.hu\/hu\/#organization\"},\"potentialAction\":[{\"@type\":\"SearchAction\",\"target\":{\"@type\":\"EntryPoint\",\"urlTemplate\":\"https:\/\/cncmachining.hu\/hu\/?s={search_term_string}\"},\"query-input\":\"required name=search_term_string\"}],\"inLanguage\":\"hu\"},{\"@type\":\"Organization\",\"@id\":\"https:\/\/cncmachining.hu\/hu\/#organization\",\"name\":\"CNC\",\"url\":\"https:\/\/cncmachining.hu\/hu\/\",\"logo\":{\"@type\":\"ImageObject\",\"inLanguage\":\"hu\",\"@id\":\"https:\/\/cncmachining.hu\/hu\/#\/schema\/logo\/image\/\",\"url\":\"https:\/\/cncmachining.hu\/wp-content\/uploads\/2022\/05\/MC_logo_FIN_black-1.svg\",\"contentUrl\":\"https:\/\/cncmachining.hu\/wp-content\/uploads\/2022\/05\/MC_logo_FIN_black-1.svg\",\"caption\":\"CNC\"},\"image\":{\"@id\":\"https:\/\/cncmachining.hu\/hu\/#\/schema\/logo\/image\/\"}}]}<\/script>\n<!-- \/ Yoast SEO plugin. -->","yoast_head_json":{"title":"Szolg\u00e1ltat\u00e1sok - CNC Nagy pontoss\u00e1g\u00fa mar\u00e1s - Eszterg\u00e1l\u00e1s","description":"Protot\u00edpus CNC megmunk\u00e1l\u00e1s CNC szersz\u00e1mgy\u00e1rt\u00e1s, kis sz\u00e9ri\u00e1s, precizi\u00f3s \u00e9s orvostechnol\u00f3giai alkatr\u00e9sz alkatr\u00e9szgy\u00e1rt\u00e1s,ISO 9001 tan\u00fas\u00edtv\u00e1ny\u00fa","robots":{"index":"index","follow":"follow","max-snippet":"max-snippet:-1","max-image-preview":"max-image-preview:large","max-video-preview":"max-video-preview:-1"},"canonical":"https:\/\/cncmachining.hu\/hu\/services\/","og_locale":"hu_HU","og_type":"article","og_title":"Szolg\u00e1ltat\u00e1sok - CNC Nagy pontoss\u00e1g\u00fa mar\u00e1s - Eszterg\u00e1l\u00e1s","og_description":"Protot\u00edpus CNC megmunk\u00e1l\u00e1s CNC szersz\u00e1mgy\u00e1rt\u00e1s, kis sz\u00e9ri\u00e1s, precizi\u00f3s \u00e9s orvostechnol\u00f3giai alkatr\u00e9sz alkatr\u00e9szgy\u00e1rt\u00e1s,ISO 9001 tan\u00fas\u00edtv\u00e1ny\u00fa","og_url":"https:\/\/cncmachining.hu\/hu\/services\/","og_site_name":"CNC","article_modified_time":"2022-05-17T13:41:43+00:00","twitter_card":"summary_large_image","schema":{"@context":"https:\/\/schema.org","@graph":[{"@type":"WebPage","@id":"https:\/\/cncmachining.hu\/hu\/services\/","url":"https:\/\/cncmachining.hu\/hu\/services\/","name":"Szolg\u00e1ltat\u00e1sok - CNC Nagy pontoss\u00e1g\u00fa mar\u00e1s - Eszterg\u00e1l\u00e1s","isPartOf":{"@id":"https:\/\/cncmachining.hu\/hu\/#website"},"datePublished":"2021-08-16T11:47:50+00:00","dateModified":"2022-05-17T13:41:43+00:00","description":"Protot\u00edpus CNC megmunk\u00e1l\u00e1s CNC szersz\u00e1mgy\u00e1rt\u00e1s, kis sz\u00e9ri\u00e1s, precizi\u00f3s \u00e9s orvostechnol\u00f3giai alkatr\u00e9sz alkatr\u00e9szgy\u00e1rt\u00e1s,ISO 9001 tan\u00fas\u00edtv\u00e1ny\u00fa","breadcrumb":{"@id":"https:\/\/cncmachining.hu\/hu\/services\/#breadcrumb"},"inLanguage":"hu","potentialAction":[{"@type":"ReadAction","target":["https:\/\/cncmachining.hu\/hu\/services\/"]}]},{"@type":"BreadcrumbList","@id":"https:\/\/cncmachining.hu\/hu\/services\/#breadcrumb","itemListElement":[{"@type":"ListItem","position":1,"name":"Home","item":"https:\/\/cncmachining.hu\/hu\/"},{"@type":"ListItem","position":2,"name":"Szolg\u00e1ltat\u00e1sok"}]},{"@type":"WebSite","@id":"https:\/\/cncmachining.hu\/hu\/#website","url":"https:\/\/cncmachining.hu\/hu\/","name":"CNC","description":"Egy \u00fajabb WordPress honlap","publisher":{"@id":"https:\/\/cncmachining.hu\/hu\/#organization"},"potentialAction":[{"@type":"SearchAction","target":{"@type":"EntryPoint","urlTemplate":"https:\/\/cncmachining.hu\/hu\/?s={search_term_string}"},"query-input":"required name=search_term_string"}],"inLanguage":"hu"},{"@type":"Organization","@id":"https:\/\/cncmachining.hu\/hu\/#organization","name":"CNC","url":"https:\/\/cncmachining.hu\/hu\/","logo":{"@type":"ImageObject","inLanguage":"hu","@id":"https:\/\/cncmachining.hu\/hu\/#\/schema\/logo\/image\/","url":"https:\/\/cncmachining.hu\/wp-content\/uploads\/2022\/05\/MC_logo_FIN_black-1.svg","contentUrl":"https:\/\/cncmachining.hu\/wp-content\/uploads\/2022\/05\/MC_logo_FIN_black-1.svg","caption":"CNC"},"image":{"@id":"https:\/\/cncmachining.hu\/hu\/#\/schema\/logo\/image\/"}}]}},"_links":{"self":[{"href":"https:\/\/cncmachining.hu\/hu\/wp-json\/wp\/v2\/pages\/2727","targetHints":{"allow":["GET"]}}],"collection":[{"href":"https:\/\/cncmachining.hu\/hu\/wp-json\/wp\/v2\/pages"}],"about":[{"href":"https:\/\/cncmachining.hu\/hu\/wp-json\/wp\/v2\/types\/page"}],"author":[{"embeddable":true,"href":"https:\/\/cncmachining.hu\/hu\/wp-json\/wp\/v2\/users\/1"}],"replies":[{"embeddable":true,"href":"https:\/\/cncmachining.hu\/hu\/wp-json\/wp\/v2\/comments?post=2727"}],"version-history":[{"count":1,"href":"https:\/\/cncmachining.hu\/hu\/wp-json\/wp\/v2\/pages\/2727\/revisions"}],"predecessor-version":[{"id":2800,"href":"https:\/\/cncmachining.hu\/hu\/wp-json\/wp\/v2\/pages\/2727\/revisions\/2800"}],"wp:attachment":[{"href":"https:\/\/cncmachining.hu\/hu\/wp-json\/wp\/v2\/media?parent=2727"}],"curies":[{"name":"wp","href":"https:\/\/api.w.org\/{rel}","templated":true}]}}