{"id":3361,"date":"2023-02-28T21:27:59","date_gmt":"2023-02-28T21:27:59","guid":{"rendered":"https:\/\/cncmachining.hu\/?page_id=3361"},"modified":"2023-02-28T21:32:45","modified_gmt":"2023-02-28T21:32:45","slug":"sajtokozlemeny","status":"publish","type":"page","link":"https:\/\/cncmachining.hu\/hu\/sajtokozlemeny\/","title":{"rendered":"Sajt\u00f3k\u00f6zlem\u00e9ny"},"content":{"rendered":"\t\t<div data-elementor-type=\"wp-page\" data-elementor-id=\"3361\" class=\"elementor elementor-3361\">\n\t\t\t\t\t\t\t\t\t<section class=\"elementor-section elementor-top-section elementor-element elementor-element-379d4a5d elementor-section-boxed elementor-section-height-default elementor-section-height-default\" data-id=\"379d4a5d\" data-element_type=\"section\">\n\t\t\t\t\t\t<div class=\"elementor-container elementor-column-gap-default\">\n\t\t\t\t\t<div class=\"elementor-column elementor-col-100 elementor-top-column elementor-element elementor-element-76a1e4db\" data-id=\"76a1e4db\" data-element_type=\"column\">\n\t\t\t<div class=\"elementor-widget-wrap elementor-element-populated\">\n\t\t\t\t\t\t\t\t<div class=\"elementor-element elementor-element-6450ee1c elementor-widget elementor-widget-text-editor\" data-id=\"6450ee1c\" data-element_type=\"widget\" data-widget_type=\"text-editor.default\">\n\t\t\t\t<div class=\"elementor-widget-container\">\n\t\t\t\t\t\t\t<h2 style=\"text-align: center;\">A Motor-Classic Zrt. besz\u00e1ll\u00edt\u00f3i kapacit\u00e1sb\u0151v\u00edt\u00e9se \u00faj \u00fczemcsarnok \u00e9p\u00edt\u00e9s\u00e9vel \u00e9s korszer\u0171 gy\u00e1rt\u00f3berendez\u00e9sekkel<\/h2><p style=\"text-align: center;\"><em>2022.04.01<\/em><\/p><p>A Motor-Classic Zrt. a GINOP_Plusz-1.1.2-21-2022-00059 azonos\u00edt\u00f3 sz\u00e1m\u00fa p\u00e1ly\u00e1zat keret\u00e9ben 599,86 milli\u00f3 Ft felt\u00e9telesen vissza nem t\u00e9r\u00edtend\u0151 t\u00e1mogat\u00e1st nyert \u201eA Motor-Classic Zrt. besz\u00e1ll\u00edt\u00f3i kapacit\u00e1sb\u0151v\u00edt\u00e9se \u00faj \u00fczemcsarnok \u00e9p\u00edt\u00e9s\u00e9vel \u00e9s korszer\u0171 gy\u00e1rt\u00f3berendez\u00e9sekkel\u201d c\u00edm\u0171 projekt keret\u00e9ben. Az 1.499.658.104 Ft \u00f6sszk\u00f6lts\u00e9g\u0171 beruh\u00e1z\u00e1sban korszer\u0171 g\u00e9pbeszerz\u00e9s\u00e9t, \u00faj \u00fczemcsarnok meg\u00e9p\u00edt\u00e9s\u00e9t \u00e9s meg\u00fajul\u00f3 energia termel\u00e9s\u00e9re ir\u00e1nyul\u00f3 rendszer telep\u00edt\u00e9s\u00e9t val\u00f3s\u00edtjuk meg. A projekt az Eur\u00f3pai Uni\u00f3 t\u00e1mogat\u00e1s\u00e1val val\u00f3sul meg.<\/p><p>A tatab\u00e1nyai sz\u00e9khely\u0171 Motor-Classic Zrt. a GINOP_Plusz-1.1.2-21-2022-00059 azonos\u00edt\u00f3 sz\u00e1m\u00fa projekt keret\u00e9ben 599,86 milli\u00f3 Ft felt\u00e9telesen vissza nem t\u00e9r\u00edtend\u0151 t\u00e1mogat\u00e1st nyert \u201eA Motor-Classic Zrt. besz\u00e1ll\u00edt\u00f3i kapacit\u00e1sb\u0151v\u00edt\u00e9se \u00faj \u00fczemcsarnok \u00e9p\u00edt\u00e9s\u00e9vel \u00e9s korszer\u0171 gy\u00e1rt\u00f3berendez\u00e9sekkel\u201d c\u00edm\u0171 projekt keret\u00e9ben. Az 1.499.658.104,- Ft \u00f6sszk\u00f6lts\u00e9g\u0171, 40%-os t\u00e1mogat\u00e1si intenzit\u00e1s\u00fa p\u00e1ly\u00e1zat az Eur\u00f3pai Uni\u00f3 t\u00e1mogat\u00e1s\u00e1val val\u00f3sul meg. A Motor-Classic Zrt. telephelye a tatab\u00e1nyai, ipari \u00f6vezetben tal\u00e1lhat\u00f3, j\u00f3l megk\u00f6zel\u00edthet\u0151, k\u00e9t bej\u00e1rattal rendelkez\u0151 saroktelek, \u00f6sszesen 5.000 m2-nyi korszer\u0171 \u00fczemcsarnokkal, fiatal g\u00e9pparkkal rendelkez\u0151, dinamikusan n\u00f6vekv\u0151 v\u00e1llalkoz\u00e1s. A Zrt. az \u00e1ltal\u00e1nos \u00e9s teljesk\u00f6r\u0171 aut\u00f3fel\u00faj\u00edt\u00e1s mellett galvaniz\u00e1l\u00e1st \u00e9s aut\u00f3ipari f\u00e9nyez\u00e9st is v\u00e9gez, a rendelkez\u00e9s\u00e9re \u00e1ll\u00f3 galvaniz\u00e1l\u00f3 technol\u00f3giai sor Magyarorsz\u00e1gon egyed\u00fcl\u00e1ll\u00f3. A gyors fejl\u0151d\u00e9s rohamos fejleszt\u00e9seket ig\u00e9nyel. T\u00e1rsas\u00e1gunk az elm\u00falt \u00e9vekben k\u00e9pz\u0151d\u00f6tt nyeres\u00e9g\u00e9t hitelfelv\u00e9tellel \u00e9s p\u00e1ly\u00e1zati t\u00e1mogat\u00e1sokkal kieg\u00e9sz\u00edtve folyamatosan visszaforgatta a c\u00e9g fejleszt\u00e9s\u00e9be, \u00e1tlagosan 2-3 \u00e9vente \u00e9p\u00fclt \u00faj \u00e9p\u00fclet, a g\u00e9ppark b\u0151v\u00edt\u00e9se folyamatos. A c\u00e9l olyan komplex \u00fczemi infrastrukt\u00fara kialak\u00edt\u00e1sa, amely el\u0151seg\u00edti a hossz\u00fa t\u00e1v\u00fa c\u00e9lok megval\u00f3s\u00edt\u00e1s\u00e1t.<\/p><p>A Motor-Classic Zrt. 5000 m2-es ipari \u00e9p\u00fclet\u00e9t a beruh\u00e1z\u00e1s keret\u00e9ben egy \u00faj, 2000 m2-es \u00fczemcsarnok meg\u00e9p\u00edt\u00e9s\u00e9vel b\u0151v\u00edtj\u00fck, amely az \u00faj 5 tengelyes HSC megmunk\u00e1l\u00f3g\u00e9ppel \u00e9s 3D koordin\u00e1ta m\u00e9r\u0151g\u00e9ppel kieg\u00e9sz\u00fclve a CNC r\u00e9szleg jelent\u0151s kapacit\u00e1s-b\u0151v\u00edt\u00e9s\u00e9t eredm\u00e9nyezi. A projekt r\u00e9szek\u00e9nt meg\u00fajul\u00f3 energia termel\u00e9s\u00e9re ir\u00e1nyul\u00f3 rendszert is telep\u00edt\u00fcnk, amellyel a k\u00f6rnyezetbar\u00e1t termel\u00e9s mellett energiak\u00f6lts\u00e9geinket is cs\u00f6kkentj\u00fck.<\/p><p>A fejleszt\u00e9s eredm\u00e9nyek\u00e9nt olyan 21-ik sz\u00e1zadi technol\u00f3gi\u00e1val m\u0171k\u00f6d\u0151 \u00fczemet hozunk l\u00e9tre, amely fejlett IT vez\u00e9rl\u00e9ssel professzion\u00e1lis, a sz\u00e1m\u00edt\u00f3g\u00e9pes tervez\u00e9st\u0151l a v\u00e9gterm\u00e9kig emberi beavatkoz\u00e1s \u00e9s selejt n\u00e9lk\u00fcl k\u00e9pes a legmagasabb min\u0151s\u00e9gben el\u0151\u00e1ll\u00edtani a gy\u00e1rtand\u00f3 alkatr\u00e9szt vagy r\u00e9szegys\u00e9get. A projekt a Sz\u00e9chenyi Terv Plusz program keret\u00e9ben val\u00f3sul meg. A projekt megval\u00f3s\u00edt\u00e1s kezdete 2022. \u00e1prilis 01, tervezett befejez\u00e9se 2023. december 31.<\/p><p>A projektr\u0151l b\u0151vebb inform\u00e1ci\u00f3t a www.motor-classic.hu oldalon olvashatnak.<\/p><p><em>Tov\u00e1bbi inform\u00e1ci\u00f3 k\u00e9rhet\u0151:<\/em><\/p><ul><li>Tam\u00e1s Viktor marketig igazgat\u00f3<\/li><li>+36 70 730 0000, viktor.tamas@motor-classic.hu<\/li><\/ul>\t\t\t\t\t\t<\/div>\n\t\t\t\t<\/div>\n\t\t\t\t\t<\/div>\n\t\t<\/div>\n\t\t\t\t\t\t\t<\/div>\n\t\t<\/section>\n\t\t\t\t\t\t\t<\/div>\n\t\t","protected":false},"excerpt":{"rendered":"<p>A Motor-Classic Zrt. besz\u00e1ll\u00edt\u00f3i kapacit\u00e1sb\u0151v\u00edt\u00e9se \u00faj \u00fczemcsarnok \u00e9p\u00edt\u00e9s\u00e9vel \u00e9s korszer\u0171 gy\u00e1rt\u00f3berendez\u00e9sekkel 2022.04.01 A Motor-Classic Zrt. a GINOP_Plusz-1.1.2-21-2022-00059 azonos\u00edt\u00f3 sz\u00e1m\u00fa p\u00e1ly\u00e1zat keret\u00e9ben 599,86 milli\u00f3 Ft felt\u00e9telesen vissza nem t\u00e9r\u00edtend\u0151 t\u00e1mogat\u00e1st nyert \u201eA Motor-Classic Zrt. besz\u00e1ll\u00edt\u00f3i kapacit\u00e1sb\u0151v\u00edt\u00e9se \u00faj \u00fczemcsarnok \u00e9p\u00edt\u00e9s\u00e9vel \u00e9s korszer\u0171 gy\u00e1rt\u00f3berendez\u00e9sekkel\u201d c\u00edm\u0171 projekt keret\u00e9ben. Az 1.499.658.104 Ft \u00f6sszk\u00f6lts\u00e9g\u0171 beruh\u00e1z\u00e1sban korszer\u0171 g\u00e9pbeszerz\u00e9s\u00e9t, \u00faj \u00fczemcsarnok meg\u00e9p\u00edt\u00e9s\u00e9t \u00e9s [&hellip;]<\/p>\n","protected":false},"author":1,"featured_media":0,"parent":0,"menu_order":0,"comment_status":"closed","ping_status":"closed","template":"","meta":{"inline_featured_image":false,"footnotes":""},"class_list":["post-3361","page","type-page","status-publish","hentry"],"yoast_head":"<!-- This site is optimized with the Yoast SEO plugin v20.1 - https:\/\/yoast.com\/wordpress\/plugins\/seo\/ -->\n<title>Sajt\u00f3k\u00f6zlem\u00e9ny - CNC<\/title>\n<meta name=\"robots\" content=\"index, follow, max-snippet:-1, max-image-preview:large, max-video-preview:-1\" \/>\n<link rel=\"canonical\" href=\"https:\/\/cncmachining.hu\/hu\/sajtokozlemeny\/\" \/>\n<meta property=\"og:locale\" content=\"hu_HU\" \/>\n<meta property=\"og:type\" content=\"article\" \/>\n<meta property=\"og:title\" content=\"Sajt\u00f3k\u00f6zlem\u00e9ny - CNC\" \/>\n<meta property=\"og:description\" content=\"A Motor-Classic Zrt. besz\u00e1ll\u00edt\u00f3i kapacit\u00e1sb\u0151v\u00edt\u00e9se \u00faj \u00fczemcsarnok \u00e9p\u00edt\u00e9s\u00e9vel \u00e9s korszer\u0171 gy\u00e1rt\u00f3berendez\u00e9sekkel 2022.04.01 A Motor-Classic Zrt. a GINOP_Plusz-1.1.2-21-2022-00059 azonos\u00edt\u00f3 sz\u00e1m\u00fa p\u00e1ly\u00e1zat keret\u00e9ben 599,86 milli\u00f3 Ft felt\u00e9telesen vissza nem t\u00e9r\u00edtend\u0151 t\u00e1mogat\u00e1st nyert \u201eA Motor-Classic Zrt. besz\u00e1ll\u00edt\u00f3i kapacit\u00e1sb\u0151v\u00edt\u00e9se \u00faj \u00fczemcsarnok \u00e9p\u00edt\u00e9s\u00e9vel \u00e9s korszer\u0171 gy\u00e1rt\u00f3berendez\u00e9sekkel\u201d c\u00edm\u0171 projekt keret\u00e9ben. Az 1.499.658.104 Ft \u00f6sszk\u00f6lts\u00e9g\u0171 beruh\u00e1z\u00e1sban korszer\u0171 g\u00e9pbeszerz\u00e9s\u00e9t, \u00faj \u00fczemcsarnok meg\u00e9p\u00edt\u00e9s\u00e9t \u00e9s [&hellip;]\" \/>\n<meta property=\"og:url\" content=\"https:\/\/cncmachining.hu\/hu\/sajtokozlemeny\/\" \/>\n<meta property=\"og:site_name\" content=\"CNC\" \/>\n<meta property=\"article:modified_time\" content=\"2023-02-28T21:32:45+00:00\" \/>\n<meta name=\"twitter:card\" content=\"summary_large_image\" \/>\n<meta name=\"twitter:label1\" content=\"Becs\u00fclt olvas\u00e1si id\u0151\" \/>\n\t<meta name=\"twitter:data1\" content=\"2 perc\" \/>\n<script type=\"application\/ld+json\" class=\"yoast-schema-graph\">{\"@context\":\"https:\/\/schema.org\",\"@graph\":[{\"@type\":\"WebPage\",\"@id\":\"https:\/\/cncmachining.hu\/hu\/sajtokozlemeny\/\",\"url\":\"https:\/\/cncmachining.hu\/hu\/sajtokozlemeny\/\",\"name\":\"Sajt\u00f3k\u00f6zlem\u00e9ny - CNC\",\"isPartOf\":{\"@id\":\"https:\/\/cncmachining.hu\/hu\/#website\"},\"datePublished\":\"2023-02-28T21:27:59+00:00\",\"dateModified\":\"2023-02-28T21:32:45+00:00\",\"breadcrumb\":{\"@id\":\"https:\/\/cncmachining.hu\/hu\/sajtokozlemeny\/#breadcrumb\"},\"inLanguage\":\"hu\",\"potentialAction\":[{\"@type\":\"ReadAction\",\"target\":[\"https:\/\/cncmachining.hu\/hu\/sajtokozlemeny\/\"]}]},{\"@type\":\"BreadcrumbList\",\"@id\":\"https:\/\/cncmachining.hu\/hu\/sajtokozlemeny\/#breadcrumb\",\"itemListElement\":[{\"@type\":\"ListItem\",\"position\":1,\"name\":\"Home\",\"item\":\"https:\/\/cncmachining.hu\/hu\/\"},{\"@type\":\"ListItem\",\"position\":2,\"name\":\"Sajt\u00f3k\u00f6zlem\u00e9ny\"}]},{\"@type\":\"WebSite\",\"@id\":\"https:\/\/cncmachining.hu\/hu\/#website\",\"url\":\"https:\/\/cncmachining.hu\/hu\/\",\"name\":\"CNC\",\"description\":\"Egy \u00fajabb WordPress honlap\",\"publisher\":{\"@id\":\"https:\/\/cncmachining.hu\/hu\/#organization\"},\"potentialAction\":[{\"@type\":\"SearchAction\",\"target\":{\"@type\":\"EntryPoint\",\"urlTemplate\":\"https:\/\/cncmachining.hu\/hu\/?s={search_term_string}\"},\"query-input\":\"required name=search_term_string\"}],\"inLanguage\":\"hu\"},{\"@type\":\"Organization\",\"@id\":\"https:\/\/cncmachining.hu\/hu\/#organization\",\"name\":\"CNC\",\"url\":\"https:\/\/cncmachining.hu\/hu\/\",\"logo\":{\"@type\":\"ImageObject\",\"inLanguage\":\"hu\",\"@id\":\"https:\/\/cncmachining.hu\/hu\/#\/schema\/logo\/image\/\",\"url\":\"https:\/\/cncmachining.hu\/wp-content\/uploads\/2022\/05\/MC_logo_FIN_black-1.svg\",\"contentUrl\":\"https:\/\/cncmachining.hu\/wp-content\/uploads\/2022\/05\/MC_logo_FIN_black-1.svg\",\"caption\":\"CNC\"},\"image\":{\"@id\":\"https:\/\/cncmachining.hu\/hu\/#\/schema\/logo\/image\/\"}}]}<\/script>\n<!-- \/ Yoast SEO plugin. -->","yoast_head_json":{"title":"Sajt\u00f3k\u00f6zlem\u00e9ny - CNC","robots":{"index":"index","follow":"follow","max-snippet":"max-snippet:-1","max-image-preview":"max-image-preview:large","max-video-preview":"max-video-preview:-1"},"canonical":"https:\/\/cncmachining.hu\/hu\/sajtokozlemeny\/","og_locale":"hu_HU","og_type":"article","og_title":"Sajt\u00f3k\u00f6zlem\u00e9ny - CNC","og_description":"A Motor-Classic Zrt. besz\u00e1ll\u00edt\u00f3i kapacit\u00e1sb\u0151v\u00edt\u00e9se \u00faj \u00fczemcsarnok \u00e9p\u00edt\u00e9s\u00e9vel \u00e9s korszer\u0171 gy\u00e1rt\u00f3berendez\u00e9sekkel 2022.04.01 A Motor-Classic Zrt. a GINOP_Plusz-1.1.2-21-2022-00059 azonos\u00edt\u00f3 sz\u00e1m\u00fa p\u00e1ly\u00e1zat keret\u00e9ben 599,86 milli\u00f3 Ft felt\u00e9telesen vissza nem t\u00e9r\u00edtend\u0151 t\u00e1mogat\u00e1st nyert \u201eA Motor-Classic Zrt. besz\u00e1ll\u00edt\u00f3i kapacit\u00e1sb\u0151v\u00edt\u00e9se \u00faj \u00fczemcsarnok \u00e9p\u00edt\u00e9s\u00e9vel \u00e9s korszer\u0171 gy\u00e1rt\u00f3berendez\u00e9sekkel\u201d c\u00edm\u0171 projekt keret\u00e9ben. Az 1.499.658.104 Ft \u00f6sszk\u00f6lts\u00e9g\u0171 beruh\u00e1z\u00e1sban korszer\u0171 g\u00e9pbeszerz\u00e9s\u00e9t, \u00faj \u00fczemcsarnok meg\u00e9p\u00edt\u00e9s\u00e9t \u00e9s [&hellip;]","og_url":"https:\/\/cncmachining.hu\/hu\/sajtokozlemeny\/","og_site_name":"CNC","article_modified_time":"2023-02-28T21:32:45+00:00","twitter_card":"summary_large_image","twitter_misc":{"Becs\u00fclt olvas\u00e1si id\u0151":"2 perc"},"schema":{"@context":"https:\/\/schema.org","@graph":[{"@type":"WebPage","@id":"https:\/\/cncmachining.hu\/hu\/sajtokozlemeny\/","url":"https:\/\/cncmachining.hu\/hu\/sajtokozlemeny\/","name":"Sajt\u00f3k\u00f6zlem\u00e9ny - CNC","isPartOf":{"@id":"https:\/\/cncmachining.hu\/hu\/#website"},"datePublished":"2023-02-28T21:27:59+00:00","dateModified":"2023-02-28T21:32:45+00:00","breadcrumb":{"@id":"https:\/\/cncmachining.hu\/hu\/sajtokozlemeny\/#breadcrumb"},"inLanguage":"hu","potentialAction":[{"@type":"ReadAction","target":["https:\/\/cncmachining.hu\/hu\/sajtokozlemeny\/"]}]},{"@type":"BreadcrumbList","@id":"https:\/\/cncmachining.hu\/hu\/sajtokozlemeny\/#breadcrumb","itemListElement":[{"@type":"ListItem","position":1,"name":"Home","item":"https:\/\/cncmachining.hu\/hu\/"},{"@type":"ListItem","position":2,"name":"Sajt\u00f3k\u00f6zlem\u00e9ny"}]},{"@type":"WebSite","@id":"https:\/\/cncmachining.hu\/hu\/#website","url":"https:\/\/cncmachining.hu\/hu\/","name":"CNC","description":"Egy \u00fajabb WordPress honlap","publisher":{"@id":"https:\/\/cncmachining.hu\/hu\/#organization"},"potentialAction":[{"@type":"SearchAction","target":{"@type":"EntryPoint","urlTemplate":"https:\/\/cncmachining.hu\/hu\/?s={search_term_string}"},"query-input":"required name=search_term_string"}],"inLanguage":"hu"},{"@type":"Organization","@id":"https:\/\/cncmachining.hu\/hu\/#organization","name":"CNC","url":"https:\/\/cncmachining.hu\/hu\/","logo":{"@type":"ImageObject","inLanguage":"hu","@id":"https:\/\/cncmachining.hu\/hu\/#\/schema\/logo\/image\/","url":"https:\/\/cncmachining.hu\/wp-content\/uploads\/2022\/05\/MC_logo_FIN_black-1.svg","contentUrl":"https:\/\/cncmachining.hu\/wp-content\/uploads\/2022\/05\/MC_logo_FIN_black-1.svg","caption":"CNC"},"image":{"@id":"https:\/\/cncmachining.hu\/hu\/#\/schema\/logo\/image\/"}}]}},"_links":{"self":[{"href":"https:\/\/cncmachining.hu\/hu\/wp-json\/wp\/v2\/pages\/3361","targetHints":{"allow":["GET"]}}],"collection":[{"href":"https:\/\/cncmachining.hu\/hu\/wp-json\/wp\/v2\/pages"}],"about":[{"href":"https:\/\/cncmachining.hu\/hu\/wp-json\/wp\/v2\/types\/page"}],"author":[{"embeddable":true,"href":"https:\/\/cncmachining.hu\/hu\/wp-json\/wp\/v2\/users\/1"}],"replies":[{"embeddable":true,"href":"https:\/\/cncmachining.hu\/hu\/wp-json\/wp\/v2\/comments?post=3361"}],"version-history":[{"count":10,"href":"https:\/\/cncmachining.hu\/hu\/wp-json\/wp\/v2\/pages\/3361\/revisions"}],"predecessor-version":[{"id":3378,"href":"https:\/\/cncmachining.hu\/hu\/wp-json\/wp\/v2\/pages\/3361\/revisions\/3378"}],"wp:attachment":[{"href":"https:\/\/cncmachining.hu\/hu\/wp-json\/wp\/v2\/media?parent=3361"}],"curies":[{"name":"wp","href":"https:\/\/api.w.org\/{rel}","templated":true}]}}